 {"id":86,"date":"2019-05-03T15:03:19","date_gmt":"2019-05-03T12:03:19","guid":{"rendered":"https:\/\/scannerheli.com\/?page_id=86"},"modified":"2021-07-06T21:55:03","modified_gmt":"2021-07-06T18:55:03","slug":"usloviya-bronirovaniya","status":"publish","type":"page","link":"https:\/\/scannerheli.com\/fr\/usloviya-bronirovaniya\/","title":{"rendered":"Conditions de r\u00e9servation"},"content":{"rendered":"<p><strong>Avant de commander un h\u00e9licopt\u00e8re, nous vous prions de vous familiariser avec les r\u00e8gles de r\u00e9servation:<\/strong><\/p>\n<ul>\n<li>Les vols ne sont possibles que pendant les heures de clart\u00e9 de 08h00 \u00e0 22h00. en hiver, les vols sont effectu\u00e9s dans un intervalle de temps encore plus court. Les h\u00e9licopt\u00e8res peuvent atteindre une hauteur de 300 \u00e0 5000 m\u00e8tres. Selon les r\u00e8gles d&rsquo;aviation pour le transport a\u00e9rien de la F\u00e9d\u00e9ration de Russie, chaque passager est tenu d&rsquo;avoir un document prouvant son identit\u00e9.<\/li>\n<li>Les demandes de vols et de paiement sont accept\u00e9es, en r\u00e8gle g\u00e9n\u00e9rale, au moins 5 jours ouvrables avant le vol.<\/li>\n<li>Lors du recrutement d&rsquo;une \u00e9quipe nationale &#8211; vous avez besoin d&rsquo;un nombre suffisant de personnes pour effectuer le vol.<\/li>\n<li>Lors de la r\u00e9servation d&rsquo;un vol pour plus d&rsquo;une journ\u00e9e, le client paie la zone de boues, la s\u00e9curit\u00e9 de l&rsquo;h\u00e9licopt\u00e8re, les repas et l&rsquo;h\u00e9bergement de l&rsquo;\u00e9quipage.<\/li>\n<li>Certaines installations pour visiter la zone frontali\u00e8re n\u00e9cessitent une autorisation sp\u00e9ciale pour les touristes \u00e9trangers.<\/li>\n<li>Le co\u00fbt est indiqu\u00e9 pour un vol aller-retour pour une location d&rsquo;h\u00e9licopt\u00e8re.<\/li>\n<\/ul>\n<p><\/p>","protected":false},"excerpt":{"rendered":"<p>Avant de commander un h\u00e9licopt\u00e8re, nous vous prions de vous familiariser avec les r\u00e8gles de r\u00e9servation: Les vols ne sont possibles que pendant les heures de clart\u00e9 de 08h00 \u00e0 22h00. en hiver, les vols sont effectu\u00e9s dans un intervalle&#8230;<\/p>\n","protected":false},"author":2,"featured_media":0,"parent":0,"menu_order":0,"comment_status":"closed","ping_status":"closed","template":"","meta":[],"acf":[],"_links":{"self":[{"href":"https:\/\/scannerheli.com\/fr\/wp-json\/wp\/v2\/pages\/86"}],"collection":[{"href":"https:\/\/scannerheli.com\/fr\/wp-json\/wp\/v2\/pages"}],"about":[{"href":"https:\/\/scannerheli.com\/fr\/wp-json\/wp\/v2\/types\/page"}],"author":[{"embeddable":true,"href":"https:\/\/scannerheli.com\/fr\/wp-json\/wp\/v2\/users\/2"}],"replies":[{"embeddable":true,"href":"https:\/\/scannerheli.com\/fr\/wp-json\/wp\/v2\/comments?post=86"}],"version-history":[{"count":8,"href":"https:\/\/scannerheli.com\/fr\/wp-json\/wp\/v2\/pages\/86\/revisions"}],"predecessor-version":[{"id":929,"href":"https:\/\/scannerheli.com\/fr\/wp-json\/wp\/v2\/pages\/86\/revisions\/929"}],"wp:attachment":[{"href":"https:\/\/scannerheli.com\/fr\/wp-json\/wp\/v2\/media?parent=86"}],"curies":[{"name":"wp","href":"https:\/\/api.w.org\/{rel}","templated":true}]}}