 {"id":37,"date":"2019-04-29T21:22:26","date_gmt":"2019-04-29T18:22:26","guid":{"rendered":"https:\/\/scannerheli.com\/?page_id=37"},"modified":"2021-07-06T20:06:51","modified_gmt":"2021-07-06T17:06:51","slug":"spetsialistam","status":"publish","type":"page","link":"https:\/\/scannerheli.com\/fr\/spetsialistam\/","title":{"rendered":"Aux professionnels"},"content":{"rendered":"<p>scannerHELI est une plateforme pratique pour les services d\u2019h\u00e9licopt\u00e8re.<\/p>\n<p>Notre agr\u00e9gateur d\u2019affr\u00e8tement d\u2019h\u00e9licopt\u00e8re permet aux clients de trouver un h\u00e9licopt\u00e8re et de s\u00e9lectionner le meilleur prix pour la cat\u00e9gorie d\u2019h\u00e9licopt\u00e8re souhait\u00e9e.<\/p>\n<p>Nous connectons les op\u00e9rateurs d\u2019h\u00e9licopt\u00e8res \u00e0 notre plateforme de r\u00e9servation, augmentant la rentabilit\u00e9 de votre entreprise. Une interface multilingue, la r\u00e9servation en ligne et la v\u00e9rification des r\u00e9servations permettront \u00e0 nos partenaires de r\u00e9duire les co\u00fbts de traitement des commandes.<\/p>\n<p>Pour vous connecter \u00e0 la plateforme, envoyez votre demande \u00e0\u00a0<a href=\"mailto:info@scannerheli.com\">info@scannerheli.com<\/a>.<\/p>","protected":false},"excerpt":{"rendered":"<p>scannerHELI est une plateforme pratique pour les services d\u2019h\u00e9licopt\u00e8re. Notre agr\u00e9gateur d\u2019affr\u00e8tement d\u2019h\u00e9licopt\u00e8re permet aux clients de trouver un h\u00e9licopt\u00e8re et de s\u00e9lectionner le meilleur prix pour la cat\u00e9gorie d\u2019h\u00e9licopt\u00e8re souhait\u00e9e. Nous connectons les op\u00e9rateurs d\u2019h\u00e9licopt\u00e8res \u00e0 notre plateforme de&#8230;<\/p>\n","protected":false},"author":2,"featured_media":0,"parent":0,"menu_order":0,"comment_status":"closed","ping_status":"closed","template":"index.php","meta":[],"acf":[],"_links":{"self":[{"href":"https:\/\/scannerheli.com\/fr\/wp-json\/wp\/v2\/pages\/37"}],"collection":[{"href":"https:\/\/scannerheli.com\/fr\/wp-json\/wp\/v2\/pages"}],"about":[{"href":"https:\/\/scannerheli.com\/fr\/wp-json\/wp\/v2\/types\/page"}],"author":[{"embeddable":true,"href":"https:\/\/scannerheli.com\/fr\/wp-json\/wp\/v2\/users\/2"}],"replies":[{"embeddable":true,"href":"https:\/\/scannerheli.com\/fr\/wp-json\/wp\/v2\/comments?post=37"}],"version-history":[{"count":21,"href":"https:\/\/scannerheli.com\/fr\/wp-json\/wp\/v2\/pages\/37\/revisions"}],"predecessor-version":[{"id":928,"href":"https:\/\/scannerheli.com\/fr\/wp-json\/wp\/v2\/pages\/37\/revisions\/928"}],"wp:attachment":[{"href":"https:\/\/scannerheli.com\/fr\/wp-json\/wp\/v2\/media?parent=37"}],"curies":[{"name":"wp","href":"https:\/\/api.w.org\/{rel}","templated":true}]}}