 {"id":35,"date":"2019-04-29T21:22:08","date_gmt":"2019-04-29T18:22:08","guid":{"rendered":"https:\/\/scannerheli.com\/?page_id=35"},"modified":"2021-07-05T22:16:19","modified_gmt":"2021-07-05T19:16:19","slug":"faq","status":"publish","type":"page","link":"https:\/\/scannerheli.com\/fr\/faq\/","title":{"rendered":"FAQ"},"content":{"rendered":"<p><strong>CONDITIONS DE RESERVATION :<\/strong><\/p>\n<p><strong>Pour les itin\u00e9raires en groupe :<\/strong><\/p>\n<ul>\n<li>Vous devez arriver 30mn avant le d\u00e9part pour les formalit\u00e9s d\u2019embarquement<\/li>\n<li>Une pi\u00e8ce d\u2019identit\u00e9 vous sera demand\u00e9e avant le d\u00e9part<\/li>\n<li>Pour des raisons de s\u00e9curit\u00e9, le vol peut \u00eatre report\u00e9 ou annul\u00e9 suite aux conditions m\u00e9t\u00e9orologiques<\/li>\n<li>Les vols ne se font que pendant la journ\u00e9e. Les h\u00e9licopt\u00e8res peuvent atteindre la hauteur de 300 \u00e0 5000 m\u00e8tres<\/li>\n<li>Pour les vols en groupe, un certain nombre de passagers est requis pour que le vol soit r\u00e9alis\u00e9<\/li>\n<li>Certains objets n\u00e9cessitent une autorisation sp\u00e9ciale pour les touristes \u00e9trangers lors de la visite de la zone frontali\u00e8re<\/li>\n<\/ul>\n<p><strong>Pour les itin\u00e9raires individuels :<\/strong><\/p>\n<ul>\n<li>Vous devez arriver 30mn avant le d\u00e9part pour les formalit\u00e9s d\u2019embarquement<\/li>\n<li>Une pi\u00e8ce d\u2019identit\u00e9 vous sera demand\u00e9e avant le vol<\/li>\n<li>Pour des raisons de s\u00e9curit\u00e9 le vol peut \u00eatre report\u00e9 ou annul\u00e9 suite aux conditions m\u00e9t\u00e9orologiques<\/li>\n<\/ul>\n<p><a href=\"\/fr\/polzovatelskoe-soglashenie\/\"><strong>Conditions d&rsquo;utilisation<\/strong><\/a><\/p>\n<p><a href=\"\/fr\/privacy-policy\/\"><strong>Politique de confidentialit\u00e9<\/strong><\/a><\/p>","protected":false},"excerpt":{"rendered":"<p>CONDITIONS DE RESERVATION : Pour les itin\u00e9raires en groupe : Vous devez arriver 30mn avant le d\u00e9part pour les formalit\u00e9s d\u2019embarquement Une pi\u00e8ce d\u2019identit\u00e9 vous sera demand\u00e9e avant le d\u00e9part Pour des raisons de s\u00e9curit\u00e9, le vol peut \u00eatre report\u00e9&#8230;<\/p>\n","protected":false},"author":2,"featured_media":0,"parent":0,"menu_order":0,"comment_status":"closed","ping_status":"closed","template":"index.php","meta":[],"acf":[],"_links":{"self":[{"href":"https:\/\/scannerheli.com\/fr\/wp-json\/wp\/v2\/pages\/35"}],"collection":[{"href":"https:\/\/scannerheli.com\/fr\/wp-json\/wp\/v2\/pages"}],"about":[{"href":"https:\/\/scannerheli.com\/fr\/wp-json\/wp\/v2\/types\/page"}],"author":[{"embeddable":true,"href":"https:\/\/scannerheli.com\/fr\/wp-json\/wp\/v2\/users\/2"}],"replies":[{"embeddable":true,"href":"https:\/\/scannerheli.com\/fr\/wp-json\/wp\/v2\/comments?post=35"}],"version-history":[{"count":25,"href":"https:\/\/scannerheli.com\/fr\/wp-json\/wp\/v2\/pages\/35\/revisions"}],"predecessor-version":[{"id":915,"href":"https:\/\/scannerheli.com\/fr\/wp-json\/wp\/v2\/pages\/35\/revisions\/915"}],"wp:attachment":[{"href":"https:\/\/scannerheli.com\/fr\/wp-json\/wp\/v2\/media?parent=35"}],"curies":[{"name":"wp","href":"https:\/\/api.w.org\/{rel}","templated":true}]}}