 {"id":3,"date":"2019-04-29T11:15:34","date_gmt":"2019-04-29T11:15:34","guid":{"rendered":"https:\/\/scannerheli.com\/?page_id=3"},"modified":"2020-08-14T00:56:06","modified_gmt":"2020-08-13T21:56:06","slug":"privacy-policy","status":"publish","type":"page","link":"https:\/\/scannerheli.com\/fr\/privacy-policy\/","title":{"rendered":"Privacy Policy"},"content":{"rendered":"<p>Je donne mon consentement \u00e0 Scanner LLC et \u00e0 ses repr\u00e9sentants autoris\u00e9s pour le traitement de mes donn\u00e9es personnelles sp\u00e9cifi\u00e9es sous forme \u00e9lectronique pour toute action (op\u00e9ration) ou ensemble d&rsquo;actions (op\u00e9rations) effectu\u00e9es avec mes donn\u00e9es personnelles, y compris la collecte, l&rsquo;enregistrement, la syst\u00e9matisation, l&rsquo;accumulation , stockage, clarification (mise \u00e0 jour, modification), extraction, utilisation, transfert (distribution, mise \u00e0 disposition, acc\u00e8s), d\u00e9personnalisation, blocage, suppression, destruction des donn\u00e9es personnelles \u00e0 l&rsquo;aide d&rsquo;outils d&rsquo;automatisation, y compris dans les r\u00e9seaux d&rsquo;information et de t\u00e9l\u00e9communication, ou sans utilisation de tels moyens, si le traitement des donn\u00e9es personnelles sans l&rsquo;utilisation de tels moyens correspond \u00e0 la nature des actions (op\u00e9rations) effectu\u00e9es avec des donn\u00e9es personnelles \u00e0 l&rsquo;aide de moyens d&rsquo;automatisation, c&rsquo;est-\u00e0-dire qu&rsquo;il permet de rechercher des donn\u00e9es personnelles selon un algorithme pr\u00e9d\u00e9termin\u00e9, enregistr\u00e9es sur un support physique et contenues dans des classeurs ou autres collections syst\u00e9matiques de donn\u00e9es personnelles, et (ou) l&rsquo;acc\u00e8s \u00e0 ces donn\u00e9es personnelles annym, ainsi que le transfert des donn\u00e9es personnelles aux repr\u00e9sentants autoris\u00e9s de \u00ab Scanner \u00bb afin d&rsquo;informer sur l&rsquo;ordre de la prestation des services. Je confirme par la pr\u00e9sente que les donn\u00e9es personnelles que j&rsquo;ai transmises en remplissant toute demande sur le site www.scannerheli.com, \u00e0 savoir: nom, pr\u00e9nom, patronymique, informations sur la date et le lieu de naissance, adresses r\u00e9sidentielles, num\u00e9ros de t\u00e9l\u00e9phone, adresses e-mail, donn\u00e9es de passeport sont fiables et sont trait\u00e9s conform\u00e9ment \u00e0 l&rsquo;objectif d\u00e9clar\u00e9.<\/p>\n<p>De plus, certaines informations statistiques font l&rsquo;objet d&rsquo;une collecte automatique: adresse IP; Date, heure et nombre de visites; Informations fournies par votre navigateur (type d&rsquo;appareil, type et version du navigateur, syst\u00e8me d&rsquo;exploitation, etc.).<\/p>\n<p>La base du traitement des donn\u00e9es personnelles est: Art. 24 de la Constitution de la F\u00e9d\u00e9ration de Russie; Article 6 de la loi f\u00e9d\u00e9rale n \u00b0 152-\u0424\u0417 \u00absur les donn\u00e9es personnelles\u00bb du 27 juillet 2006; ce consentement au traitement des donn\u00e9es personnelles.<\/p>\n<p>J&rsquo;accepte le traitement et le stockage de mes donn\u00e9es personnelles sp\u00e9cifi\u00e9es par moi dans toute candidature que j&rsquo;ai remplie sur le site www.scannerheli.com, conform\u00e9ment aux termes de ce consentement au traitement des donn\u00e9es personnelles.<\/p>\n<p>Le consentement peut \u00eatre r\u00e9voqu\u00e9 \u00e0 tout moment en envoyant une notification \u00e0 Scanner LLC par e-mail (adresse): info@scannerheli.com.<\/p>\n<p>J&rsquo;ai \u00e9t\u00e9 averti (a) que l&rsquo;envoi de la notification \u00e9crite sp\u00e9cifi\u00e9e sur le retrait du consentement au traitement des donn\u00e9es personnelles entra\u00eene la fin du traitement des donn\u00e9es personnelles aux fins mentionn\u00e9es ci-dessus.<\/p>\n<p>Les donn\u00e9es personnelles des utilisateurs peuvent \u00eatre transf\u00e9r\u00e9es \u00e0 des personnes non associ\u00e9es \u00e0 ce site, si n\u00e9cessaire: pour se conformer \u00e0 la loi, \u00e0 l&rsquo;acte r\u00e9glementaire, \u00e0 l&rsquo;ex\u00e9cution des d\u00e9cisions de justice; pour d\u00e9tecter ou pr\u00e9venir la fraude; \u00e9liminer les dysfonctionnements techniques du site; fournir des informations sur la base d&rsquo;une demande \u00e9manant d&rsquo;organismes publics autoris\u00e9s. Le Site n&rsquo;est pas responsable de l&rsquo;utilisation (\u00e0 la fois licite et illicite) par des tiers des informations publi\u00e9es par l&rsquo;Utilisateur sur le Site, y compris sa reproduction et sa distribution, effectu\u00e9es de toutes les mani\u00e8res possibles.<\/p>\n<p>En m\u00eame temps, je donne mon consentement et cela ne me d\u00e9range pas que Scanner LLC ou d&rsquo;autres personnes, en son nom, envoient des messages, y compris de la publicit\u00e9 ou d&rsquo;autres informations d&rsquo;un contenu diff\u00e9rent, \u00e0 un num\u00e9ro de t\u00e9l\u00e9phone ou \u00e0 une adresse e-mail ou en utilisant d&rsquo;autres moyens de communication sp\u00e9cifi\u00e9s par moi dans n&rsquo;importe quel J&rsquo;ai rempli les demandes sur www.scannerheli.com.<\/p>","protected":false},"excerpt":{"rendered":"<p>Je donne mon consentement \u00e0 Scanner LLC et \u00e0 ses repr\u00e9sentants autoris\u00e9s pour le traitement de mes donn\u00e9es personnelles sp\u00e9cifi\u00e9es sous forme \u00e9lectronique pour toute action (op\u00e9ration) ou ensemble d&rsquo;actions (op\u00e9rations) effectu\u00e9es avec mes donn\u00e9es personnelles, y compris la collecte,&#8230;<\/p>\n","protected":false},"author":1,"featured_media":0,"parent":0,"menu_order":0,"comment_status":"closed","ping_status":"open","template":"","meta":[],"acf":[],"_links":{"self":[{"href":"https:\/\/scannerheli.com\/fr\/wp-json\/wp\/v2\/pages\/3"}],"collection":[{"href":"https:\/\/scannerheli.com\/fr\/wp-json\/wp\/v2\/pages"}],"about":[{"href":"https:\/\/scannerheli.com\/fr\/wp-json\/wp\/v2\/types\/page"}],"author":[{"embeddable":true,"href":"https:\/\/scannerheli.com\/fr\/wp-json\/wp\/v2\/users\/1"}],"replies":[{"embeddable":true,"href":"https:\/\/scannerheli.com\/fr\/wp-json\/wp\/v2\/comments?post=3"}],"version-history":[{"count":6,"href":"https:\/\/scannerheli.com\/fr\/wp-json\/wp\/v2\/pages\/3\/revisions"}],"predecessor-version":[{"id":664,"href":"https:\/\/scannerheli.com\/fr\/wp-json\/wp\/v2\/pages\/3\/revisions\/664"}],"wp:attachment":[{"href":"https:\/\/scannerheli.com\/fr\/wp-json\/wp\/v2\/media?parent=3"}],"curies":[{"name":"wp","href":"https:\/\/api.w.org\/{rel}","templated":true}]}}