 {"id":86,"date":"2019-05-03T15:03:19","date_gmt":"2019-05-03T12:03:19","guid":{"rendered":"https:\/\/scannerheli.com\/?page_id=86"},"modified":"2021-07-06T21:55:03","modified_gmt":"2021-07-06T18:55:03","slug":"usloviya-bronirovaniya","status":"publish","type":"page","link":"https:\/\/scannerheli.com\/es\/usloviya-bronirovaniya\/","title":{"rendered":"Condiciones de reserva"},"content":{"rendered":"<p><strong>Antes de ordenar un helic\u00f3ptero, le pedimos que se familiarice con las reglas de reserva:<\/strong><\/p>\n<ul>\n<li>Los vuelos solo son posibles durante el d\u00eda de 08:00 a.m. a 10:00 p.m.en invierno, los vuelos se realizan en un intervalo de tiempo a\u00fan m\u00e1s corto. Los helic\u00f3pteros pueden elevarse a una altura de 300 a 5000 metros. De acuerdo con las Reglas de aviaci\u00f3n para el transporte a\u00e9reo de la Federaci\u00f3n de Rusia, se requiere que cada pasajero tenga un documento que acredite su identidad.<\/li>\n<li>Se aceptan solicitudes de vuelos y pagos, por regla general, al menos 5 d\u00edas h\u00e1biles antes del vuelo.<\/li>\n<li>Al reclutar un equipo nacional, necesita un n\u00famero suficiente de personas para llevar a cabo el vuelo.<\/li>\n<li>Al reservar un vuelo por m\u00e1s de 1 d\u00eda, el cliente paga por el \u00e1rea de lodo, la seguridad del helic\u00f3ptero, las comidas y el alojamiento de la tripulaci\u00f3n.<\/li>\n<li>Algunas instalaciones para visitar la zona fronteriza requieren un permiso especial para turistas extranjeros.<\/li>\n<li>El costo est\u00e1 indicado para un vuelo de ida y vuelta para el alquiler de un helic\u00f3ptero.<\/li>\n<\/ul>\n<p><\/p>","protected":false},"excerpt":{"rendered":"<p>Antes de ordenar un helic\u00f3ptero, le pedimos que se familiarice con las reglas de reserva: Los vuelos solo son posibles durante el d\u00eda de 08:00 a.m. a 10:00 p.m.en invierno, los vuelos se realizan en un intervalo de tiempo a\u00fan&#8230;<\/p>\n","protected":false},"author":2,"featured_media":0,"parent":0,"menu_order":0,"comment_status":"closed","ping_status":"closed","template":"","meta":[],"acf":[],"_links":{"self":[{"href":"https:\/\/scannerheli.com\/es\/wp-json\/wp\/v2\/pages\/86"}],"collection":[{"href":"https:\/\/scannerheli.com\/es\/wp-json\/wp\/v2\/pages"}],"about":[{"href":"https:\/\/scannerheli.com\/es\/wp-json\/wp\/v2\/types\/page"}],"author":[{"embeddable":true,"href":"https:\/\/scannerheli.com\/es\/wp-json\/wp\/v2\/users\/2"}],"replies":[{"embeddable":true,"href":"https:\/\/scannerheli.com\/es\/wp-json\/wp\/v2\/comments?post=86"}],"version-history":[{"count":8,"href":"https:\/\/scannerheli.com\/es\/wp-json\/wp\/v2\/pages\/86\/revisions"}],"predecessor-version":[{"id":929,"href":"https:\/\/scannerheli.com\/es\/wp-json\/wp\/v2\/pages\/86\/revisions\/929"}],"wp:attachment":[{"href":"https:\/\/scannerheli.com\/es\/wp-json\/wp\/v2\/media?parent=86"}],"curies":[{"name":"wp","href":"https:\/\/api.w.org\/{rel}","templated":true}]}}