 {"id":37,"date":"2019-04-29T21:22:26","date_gmt":"2019-04-29T18:22:26","guid":{"rendered":"https:\/\/scannerheli.com\/?page_id=37"},"modified":"2021-07-06T20:06:51","modified_gmt":"2021-07-06T17:06:51","slug":"spetsialistam","status":"publish","type":"page","link":"https:\/\/scannerheli.com\/es\/spetsialistam\/","title":{"rendered":"Para especialistas"},"content":{"rendered":"<p>scannerHELI es plataforma virtual conveniente para servicios de helic\u00f3pteros.<\/p>\n<p>El agregador de alquiler de helic\u00f3pteros le permite encontrar y seleccionar el mejor precio para la categor\u00eda de helic\u00f3ptero deseada.<\/p>\n<p>Estamos conectando operadores de helic\u00f3pteros a la plataforma, aumentando la rentabilidad de su negocio, el servicio estar\u00e1 disponible pronto en Europa y Asia. Una interfaz multiling\u00fce, la reserva en l\u00ednea y la verificaci\u00f3n de pedidos permitir\u00e1n a nuestros socios reducir el costo del servicio de pedidos.<\/p>\n<p>Para conectarse a la plataforma, env\u00ede su solicitud a <a href=\"mailto:info@scannerheli.com\">info@scannerheli.com<\/a>.<\/p>","protected":false},"excerpt":{"rendered":"<p>scannerHELI es plataforma virtual conveniente para servicios de helic\u00f3pteros. El agregador de alquiler de helic\u00f3pteros le permite encontrar y seleccionar el mejor precio para la categor\u00eda de helic\u00f3ptero deseada. Estamos conectando operadores de helic\u00f3pteros a la plataforma, aumentando la rentabilidad&#8230;<\/p>\n","protected":false},"author":2,"featured_media":0,"parent":0,"menu_order":0,"comment_status":"closed","ping_status":"closed","template":"index.php","meta":[],"acf":[],"_links":{"self":[{"href":"https:\/\/scannerheli.com\/es\/wp-json\/wp\/v2\/pages\/37"}],"collection":[{"href":"https:\/\/scannerheli.com\/es\/wp-json\/wp\/v2\/pages"}],"about":[{"href":"https:\/\/scannerheli.com\/es\/wp-json\/wp\/v2\/types\/page"}],"author":[{"embeddable":true,"href":"https:\/\/scannerheli.com\/es\/wp-json\/wp\/v2\/users\/2"}],"replies":[{"embeddable":true,"href":"https:\/\/scannerheli.com\/es\/wp-json\/wp\/v2\/comments?post=37"}],"version-history":[{"count":21,"href":"https:\/\/scannerheli.com\/es\/wp-json\/wp\/v2\/pages\/37\/revisions"}],"predecessor-version":[{"id":928,"href":"https:\/\/scannerheli.com\/es\/wp-json\/wp\/v2\/pages\/37\/revisions\/928"}],"wp:attachment":[{"href":"https:\/\/scannerheli.com\/es\/wp-json\/wp\/v2\/media?parent=37"}],"curies":[{"name":"wp","href":"https:\/\/api.w.org\/{rel}","templated":true}]}}