 {"id":3,"date":"2019-04-29T11:15:34","date_gmt":"2019-04-29T11:15:34","guid":{"rendered":"https:\/\/scannerheli.com\/?page_id=3"},"modified":"2020-08-14T00:56:06","modified_gmt":"2020-08-13T21:56:06","slug":"privacy-policy","status":"publish","type":"page","link":"https:\/\/scannerheli.com\/es\/privacy-policy\/","title":{"rendered":"Privacy Policy"},"content":{"rendered":"<p>Por la presente doy mi consentimiento a Scanner LLC y sus representantes autorizados para el procesamiento de mis datos personales especificados en forma electr\u00f3nica para cualquier acci\u00f3n (operaci\u00f3n) o conjunto de acciones (operaciones) realizadas con mis datos personales, incluida la recopilaci\u00f3n, el registro, la sistematizaci\u00f3n, la acumulaci\u00f3n , almacenamiento, aclaraci\u00f3n (actualizaci\u00f3n, cambio), extracci\u00f3n, uso, transferencia (distribuci\u00f3n, provisi\u00f3n, acceso), despersonalizaci\u00f3n, bloqueo, eliminaci\u00f3n, destrucci\u00f3n de datos personales utilizando herramientas de automatizaci\u00f3n, que incluyen en redes de informaci\u00f3n y telecomunicaciones, o sin el uso de dichos medios, si el procesamiento de datos personales sin el uso de dichos medios corresponde a la naturaleza de las acciones (operaciones) realizadas con datos personales utilizando medios de automatizaci\u00f3n, es decir, permite buscar datos personales de acuerdo con un algoritmo predeterminado, registrado en un medio f\u00edsico y contenido en archivadores u otras colecciones sistem\u00e1ticas de datos personales, y (o) acceso a dichos datos personales annym, as\u00ed como la transferencia de datos personales a los representantes autorizados de \u00abesc\u00e1ner\u00bb con el fin de informar sobre el orden de entrega de servicios. Por la presente confirmo que los datos personales transmitidos por m\u00ed al completar cualquier solicitud en el sitio web www.scannerheli.com, a saber: nombre, apellido, patron\u00edmico, informaci\u00f3n sobre la fecha y lugar de nacimiento, direcciones residenciales, n\u00fameros de tel\u00e9fono, direcciones de correo electr\u00f3nico, datos de pasaporte son confiables y se procesan de acuerdo con el prop\u00f3sito establecido.<\/p>\n<p>Adem\u00e1s, parte de la informaci\u00f3n estad\u00edstica est\u00e1 sujeta a recopilaci\u00f3n autom\u00e1tica: direcci\u00f3n IP; Fecha, hora y n\u00famero de visitas; Informaci\u00f3n proporcionada por su navegador (tipo de dispositivo, tipo y versi\u00f3n del navegador, sistema operativo, etc.).<\/p>\n<p>La base para el procesamiento de datos personales es: Art. 24 de la Constituci\u00f3n de la Federaci\u00f3n de Rusia; Art\u00edculo 6 de la Ley Federal N\u00ba 152-\u0424\u0417 \u00abSobre datos personales\u00bb de fecha 27 de julio de 2006; este Consentimiento para el procesamiento de datos personales.<\/p>\n<p>Acepto el procesamiento y almacenamiento de mis datos personales especificados por m\u00ed en cualquier solicitud que complete en el sitio web www.scannerheli.com, de acuerdo con los t\u00e9rminos de este consentimiento para el procesamiento de datos personales.<\/p>\n<p>El consentimiento se puede revocar en cualquier momento enviando una notificaci\u00f3n a Scanner LLC por correo electr\u00f3nico (direcci\u00f3n): info@scannerheli.com.<\/p>\n<p>Se me advirti\u00f3 (a) que enviarme la notificaci\u00f3n escrita especificada sobre el retiro del consentimiento para el procesamiento de datos personales implica la finalizaci\u00f3n del procesamiento de datos personales para los fines mencionados anteriormente.<\/p>\n<p>Los datos personales de los usuarios pueden transferirse a personas no asociadas con este sitio, si es necesario: para cumplir con la ley, el acto reglamentario, la ejecuci\u00f3n de decisiones judiciales; para detectar o prevenir el fraude; para eliminar fallas t\u00e9cnicas en el sitio; para proporcionar informaci\u00f3n sobre la base de una solicitud de los organismos estatales autorizados. El Sitio no es responsable del uso (tanto legal como ilegal) por parte de terceros de la informaci\u00f3n publicada por el Usuario en el Sitio, incluida su reproducci\u00f3n y distribuci\u00f3n, realizada de todas las formas posibles.<\/p>\n<p>Al mismo tiempo, doy mi consentimiento y no me importa que Scanner LLC u otras personas, en su nombre, env\u00eden mensajes, incluyendo publicidad u otra informaci\u00f3n de un contenido diferente, a un n\u00famero de tel\u00e9fono o direcci\u00f3n de correo electr\u00f3nico o utilizando otros medios de comunicaci\u00f3n especificados por m\u00ed en cualquier Solicitudes que complet\u00e9 en www.scannerheli.com.<\/p>","protected":false},"excerpt":{"rendered":"<p>Por la presente doy mi consentimiento a Scanner LLC y sus representantes autorizados para el procesamiento de mis datos personales especificados en forma electr\u00f3nica para cualquier acci\u00f3n (operaci\u00f3n) o conjunto de acciones (operaciones) realizadas con mis datos personales, incluida la&#8230;<\/p>\n","protected":false},"author":1,"featured_media":0,"parent":0,"menu_order":0,"comment_status":"closed","ping_status":"open","template":"","meta":[],"acf":[],"_links":{"self":[{"href":"https:\/\/scannerheli.com\/es\/wp-json\/wp\/v2\/pages\/3"}],"collection":[{"href":"https:\/\/scannerheli.com\/es\/wp-json\/wp\/v2\/pages"}],"about":[{"href":"https:\/\/scannerheli.com\/es\/wp-json\/wp\/v2\/types\/page"}],"author":[{"embeddable":true,"href":"https:\/\/scannerheli.com\/es\/wp-json\/wp\/v2\/users\/1"}],"replies":[{"embeddable":true,"href":"https:\/\/scannerheli.com\/es\/wp-json\/wp\/v2\/comments?post=3"}],"version-history":[{"count":6,"href":"https:\/\/scannerheli.com\/es\/wp-json\/wp\/v2\/pages\/3\/revisions"}],"predecessor-version":[{"id":664,"href":"https:\/\/scannerheli.com\/es\/wp-json\/wp\/v2\/pages\/3\/revisions\/664"}],"wp:attachment":[{"href":"https:\/\/scannerheli.com\/es\/wp-json\/wp\/v2\/media?parent=3"}],"curies":[{"name":"wp","href":"https:\/\/api.w.org\/{rel}","templated":true}]}}